{"id":4375,"date":"2018-06-18T08:46:51","date_gmt":"2018-06-18T06:46:51","guid":{"rendered":"http:\/\/www.pureti.es\/?page_id=4375"},"modified":"2024-02-27T19:00:02","modified_gmt":"2024-02-27T18:00:02","slug":"como-se-compara","status":"publish","type":"page","link":"https:\/\/pureti.es\/en\/pureti-tecnologia\/como-se-compara\/","title":{"rendered":"How it compares?"},"content":{"rendered":"<div data-elementor-type=\"wp-post\" data-elementor-id=\"4375\" class=\"elementor elementor-4375\" data-elementor-post-type=\"page\">\n\t\t\t\t\t\t<section class=\"elementor-section elementor-top-section elementor-element elementor-element-5362dfc elementor-section-boxed elementor-section-height-default elementor-section-height-default\" data-id=\"5362dfc\" data-element_type=\"section\" data-e-type=\"section\">\n\t\t\t\t\t\t<div class=\"elementor-container elementor-column-gap-default\">\n\t\t\t\t\t<div class=\"elementor-column elementor-col-100 elementor-top-column elementor-element elementor-element-4e48147\" data-id=\"4e48147\" data-element_type=\"column\" data-e-type=\"column\">\n\t\t\t<div class=\"elementor-widget-wrap elementor-element-populated\">\n\t\t\t\t\t\t<div class=\"elementor-element elementor-element-f27a19f elementor-invisible elementor-widget elementor-widget-heading\" data-id=\"f27a19f\" data-element_type=\"widget\" data-e-type=\"widget\" data-settings=\"{&quot;_animation&quot;:&quot;fadeIn&quot;}\" data-widget_type=\"heading.default\">\n\t\t\t\t<div class=\"elementor-widget-container\">\n\t\t\t\t\t<h1 class=\"elementor-heading-title elementor-size-default\">How PURETi compares?<\/h1>\t\t\t\t<\/div>\n\t\t\t\t<\/div>\n\t\t\t\t\t<\/div>\n\t\t<\/div>\n\t\t\t\t\t<\/div>\n\t\t<\/section>\n\t\t\t\t<section class=\"elementor-section elementor-top-section elementor-element elementor-element-5096684 elementor-section-boxed elementor-section-height-default elementor-section-height-default\" data-id=\"5096684\" data-element_type=\"section\" data-e-type=\"section\">\n\t\t\t\t\t\t<div class=\"elementor-container elementor-column-gap-default\">\n\t\t\t\t\t<div class=\"elementor-column elementor-col-100 elementor-top-column elementor-element elementor-element-a97ae02\" data-id=\"a97ae02\" data-element_type=\"column\" data-e-type=\"column\">\n\t\t\t<div class=\"elementor-widget-wrap elementor-element-populated\">\n\t\t\t\t\t\t<div class=\"elementor-element elementor-element-426eef5 elementor-invisible elementor-widget elementor-widget-text-editor\" data-id=\"426eef5\" data-element_type=\"widget\" data-e-type=\"widget\" data-settings=\"{&quot;_animation&quot;:&quot;fadeInLeft&quot;}\" data-widget_type=\"text-editor.default\">\n\t\t\t\t<div class=\"elementor-widget-container\">\n\t\t\t\t\t\t\t\t\t<p><strong>The PCO technology<\/strong> It was first discovered in Japan in 1968, and the first photocatalytic products (self-cleaning ceramic tiles and glass) were introduced in 1998. These initial first-generation products, made by fusing MOM powders into the outer layer using high heat and expensive equipment, were later combined with powder-based smog-reducing cement (TX Active) and serpentine-coated aluminum coating (EcoClean). The initial PCO coating products launched in 2000 and weldable MOM powders or gels bonded using various adhesives such as sodium silicate or siloxanes.<\/p>\n<p><strong>PURETi<\/strong> is a 3rd generation advance in <strong>PCO technology<\/strong>, discovered and manufactured in the United States, which is covered by 9 US patents and represents a true water and MOM solution that is remarkably adhesive on its own. PURETi technology adheres to virtually any building surface more clearly and thinly and with more MOM crystals than any other known competitor.<\/p>\n<p>As a result, <strong>PURETi<\/strong> requires less light to work, delivers greater photocatalytic benefit and is more cost effective than any known competitor. Any 1st or 2nd generation PCO product can be produced with greater photocatalytic power and at lower cost with a simple spray application of <strong>PURETi<\/strong>.<\/p>\t\t\t\t\t\t\t\t<\/div>\n\t\t\t\t<\/div>\n\t\t\t\t\t<\/div>\n\t\t<\/div>\n\t\t\t\t\t<\/div>\n\t\t<\/section>\n\t\t\t\t<\/div>","protected":false},"excerpt":{"rendered":"<p>\u00bfC\u00f3mo se compara PURETi? La tecnolog\u00eda PCO se descubri\u00f3 por primera vez en Jap\u00f3n en 1968 y los primeros productos fotocatal\u00edticos (baldosas cer\u00e1micas autolimpiantes y vidrio) se introdujeron en 1998. Estos productos iniciales de primera generaci\u00f3n, hechos por fusi\u00f3n de polvos de MOM en la capa externa con alto calor y equipos costosos , se [&hellip;]<\/p>\n","protected":false},"author":2,"featured_media":0,"parent":4356,"menu_order":0,"comment_status":"closed","ping_status":"closed","template":"","meta":{"ocean_post_layout":"","ocean_both_sidebars_style":"","ocean_both_sidebars_content_width":0,"ocean_both_sidebars_sidebars_width":0,"ocean_sidebar":"","ocean_second_sidebar":"","ocean_disable_margins":"enable","ocean_add_body_class":"","ocean_shortcode_before_top_bar":"","ocean_shortcode_after_top_bar":"","ocean_shortcode_before_header":"","ocean_shortcode_after_header":"","ocean_has_shortcode":"","ocean_shortcode_after_title":"","ocean_shortcode_before_footer_widgets":"","ocean_shortcode_after_footer_widgets":"","ocean_shortcode_before_footer_bottom":"","ocean_shortcode_after_footer_bottom":"","ocean_display_top_bar":"default","ocean_display_header":"default","ocean_header_style":"","ocean_center_header_left_menu":"","ocean_custom_header_template":"","ocean_custom_logo":0,"ocean_custom_retina_logo":0,"ocean_custom_logo_max_width":0,"ocean_custom_logo_tablet_max_width":0,"ocean_custom_logo_mobile_max_width":0,"ocean_custom_logo_max_height":0,"ocean_custom_logo_tablet_max_height":0,"ocean_custom_logo_mobile_max_height":0,"ocean_header_custom_menu":"","ocean_menu_typo_font_family":"","ocean_menu_typo_font_subset":"","ocean_menu_typo_font_size":0,"ocean_menu_typo_font_size_tablet":0,"ocean_menu_typo_font_size_mobile":0,"ocean_menu_typo_font_size_unit":"px","ocean_menu_typo_font_weight":"","ocean_menu_typo_font_weight_tablet":"","ocean_menu_typo_font_weight_mobile":"","ocean_menu_typo_transform":"","ocean_menu_typo_transform_tablet":"","ocean_menu_typo_transform_mobile":"","ocean_menu_typo_line_height":0,"ocean_menu_typo_line_height_tablet":0,"ocean_menu_typo_line_height_mobile":0,"ocean_menu_typo_line_height_unit":"","ocean_menu_typo_spacing":0,"ocean_menu_typo_spacing_tablet":0,"ocean_menu_typo_spacing_mobile":0,"ocean_menu_typo_spacing_unit":"","ocean_menu_link_color":"","ocean_menu_link_color_hover":"","ocean_menu_link_color_active":"","ocean_menu_link_background":"","ocean_menu_link_hover_background":"","ocean_menu_link_active_background":"","ocean_menu_social_links_bg":"","ocean_menu_social_hover_links_bg":"","ocean_menu_social_links_color":"","ocean_menu_social_hover_links_color":"","ocean_disable_title":"default","ocean_disable_heading":"default","ocean_post_title":"","ocean_post_subheading":"","ocean_post_title_style":"","ocean_post_title_background_color":"","ocean_post_title_background":0,"ocean_post_title_bg_image_position":"","ocean_post_title_bg_image_attachment":"","ocean_post_title_bg_image_repeat":"","ocean_post_title_bg_image_size":"","ocean_post_title_height":0,"ocean_post_title_bg_overlay":0.5,"ocean_post_title_bg_overlay_color":"","ocean_disable_breadcrumbs":"default","ocean_breadcrumbs_color":"","ocean_breadcrumbs_separator_color":"","ocean_breadcrumbs_links_color":"","ocean_breadcrumbs_links_hover_color":"","ocean_display_footer_widgets":"default","ocean_display_footer_bottom":"default","ocean_custom_footer_template":"","footnotes":""},"class_list":["post-4375","page","type-page","status-publish","hentry","entry"],"_links":{"self":[{"href":"https:\/\/pureti.es\/en\/wp-json\/wp\/v2\/pages\/4375","targetHints":{"allow":["GET"]}}],"collection":[{"href":"https:\/\/pureti.es\/en\/wp-json\/wp\/v2\/pages"}],"about":[{"href":"https:\/\/pureti.es\/en\/wp-json\/wp\/v2\/types\/page"}],"author":[{"embeddable":true,"href":"https:\/\/pureti.es\/en\/wp-json\/wp\/v2\/users\/2"}],"replies":[{"embeddable":true,"href":"https:\/\/pureti.es\/en\/wp-json\/wp\/v2\/comments?post=4375"}],"version-history":[{"count":9,"href":"https:\/\/pureti.es\/en\/wp-json\/wp\/v2\/pages\/4375\/revisions"}],"predecessor-version":[{"id":6368,"href":"https:\/\/pureti.es\/en\/wp-json\/wp\/v2\/pages\/4375\/revisions\/6368"}],"up":[{"embeddable":true,"href":"https:\/\/pureti.es\/en\/wp-json\/wp\/v2\/pages\/4356"}],"wp:attachment":[{"href":"https:\/\/pureti.es\/en\/wp-json\/wp\/v2\/media?parent=4375"}],"curies":[{"name":"wp","href":"https:\/\/api.w.org\/{rel}","templated":true}]}}