{"id":4282,"date":"2018-06-17T22:05:55","date_gmt":"2018-06-17T20:05:55","guid":{"rendered":"http:\/\/www.pureti.es\/?page_id=4282"},"modified":"2024-02-26T21:06:49","modified_gmt":"2024-02-26T20:06:49","slug":"pureti-clean","status":"publish","type":"page","link":"https:\/\/pureti.es\/en\/productos\/pureti-clean\/","title":{"rendered":"PURETi Clean \u2122"},"content":{"rendered":"<div data-elementor-type=\"wp-post\" data-elementor-id=\"4282\" class=\"elementor elementor-4282\" data-elementor-post-type=\"page\">\n\t\t\t\t\t\t<section class=\"elementor-section elementor-top-section elementor-element elementor-element-6442869 elementor-section-content-top elementor-section-boxed elementor-section-height-default elementor-section-height-default\" data-id=\"6442869\" data-element_type=\"section\" data-e-type=\"section\">\n\t\t\t\t\t\t<div class=\"elementor-container elementor-column-gap-default\">\n\t\t\t\t\t<div class=\"elementor-column elementor-col-100 elementor-top-column elementor-element elementor-element-e5792c5\" data-id=\"e5792c5\" data-element_type=\"column\" data-e-type=\"column\">\n\t\t\t<div class=\"elementor-widget-wrap elementor-element-populated\">\n\t\t\t\t\t\t<div class=\"elementor-element elementor-element-b4b07c6 elementor-widget elementor-widget-heading\" data-id=\"b4b07c6\" data-element_type=\"widget\" data-e-type=\"widget\" data-widget_type=\"heading.default\">\n\t\t\t\t<div class=\"elementor-widget-container\">\n\t\t\t\t\t<h1 class=\"elementor-heading-title elementor-size-default\">PURETi Clean\u2122<\/h1>\t\t\t\t<\/div>\n\t\t\t\t<\/div>\n\t\t\t\t\t<\/div>\n\t\t<\/div>\n\t\t\t\t\t<\/div>\n\t\t<\/section>\n\t\t\t\t<section class=\"elementor-section elementor-top-section elementor-element elementor-element-8497f2b elementor-section-content-top elementor-section-boxed elementor-section-height-default elementor-section-height-default\" data-id=\"8497f2b\" data-element_type=\"section\" data-e-type=\"section\">\n\t\t\t\t\t\t<div class=\"elementor-container elementor-column-gap-wide\">\n\t\t\t\t\t<div class=\"elementor-column elementor-col-50 elementor-top-column elementor-element elementor-element-ff48b22\" data-id=\"ff48b22\" data-element_type=\"column\" data-e-type=\"column\">\n\t\t\t<div class=\"elementor-widget-wrap elementor-element-populated\">\n\t\t\t\t\t\t<div class=\"elementor-element elementor-element-38ba2c8 elementor-invisible elementor-widget elementor-widget-image\" data-id=\"38ba2c8\" data-element_type=\"widget\" data-e-type=\"widget\" data-settings=\"{&quot;_animation&quot;:&quot;fadeInLeft&quot;}\" data-widget_type=\"image.default\">\n\t\t\t\t<div class=\"elementor-widget-container\">\n\t\t\t\t\t\t\t\t\t\t\t\t\t\t\t<img fetchpriority=\"high\" decoding=\"async\" width=\"800\" height=\"200\" src=\"https:\/\/pureti.es\/wp-content\/uploads\/2024\/02\/Logo-productos-pureti-clean.jpg\" class=\"attachment-large size-large wp-image-6286\" alt=\"Logo productos pureti clean\" srcset=\"https:\/\/pureti.es\/wp-content\/uploads\/2024\/02\/Logo-productos-pureti-clean.jpg 800w, https:\/\/pureti.es\/wp-content\/uploads\/2024\/02\/Logo-productos-pureti-clean-150x38.jpg 150w, https:\/\/pureti.es\/wp-content\/uploads\/2024\/02\/Logo-productos-pureti-clean-768x192.jpg 768w, https:\/\/pureti.es\/wp-content\/uploads\/2024\/02\/Logo-productos-pureti-clean-18x5.jpg 18w\" sizes=\"(max-width: 800px) 100vw, 800px\" \/>\t\t\t\t\t\t\t\t\t\t\t\t\t\t\t<\/div>\n\t\t\t\t<\/div>\n\t\t\t\t<div class=\"elementor-element elementor-element-c7f81a0 elementor-invisible elementor-widget elementor-widget-heading\" data-id=\"c7f81a0\" data-element_type=\"widget\" data-e-type=\"widget\" data-settings=\"{&quot;_animation&quot;:&quot;bounceIn&quot;}\" data-widget_type=\"heading.default\">\n\t\t\t\t<div class=\"elementor-widget-container\">\n\t\t\t\t\t<h2 class=\"elementor-heading-title elementor-size-default\">Photocatalytic surface treatment.<\/h2>\t\t\t\t<\/div>\n\t\t\t\t<\/div>\n\t\t\t\t<div class=\"elementor-element elementor-element-f6bbe53 elementor-invisible elementor-widget elementor-widget-text-editor\" data-id=\"f6bbe53\" data-element_type=\"widget\" data-e-type=\"widget\" data-settings=\"{&quot;_animation&quot;:&quot;fadeIn&quot;}\" data-widget_type=\"text-editor.default\">\n\t\t\t\t<div class=\"elementor-widget-container\">\n\t\t\t\t\t\t\t\t\t<p><strong>PURETi Clean\u2122<\/strong> makes any surface self-cleaning and eco-sustainable, which proactively removes the accumulation of dirt and biofilm, improves air quality and eliminates organic odors. Formulated with the most advanced technology currently available in an advanced aqueous photocatalytic oxidation solution (UV-PCO), <strong>PURETi Clean\u2122<\/strong>\u00a0uses light, not chemicals to clean surfaces in an eco-sustainable way, for the benefit of the environment.<\/p><p><strong>PURETi Clean\u2122<\/strong>\u00a0can be easily integrated into any new construction or renovation project. In collaboration with architects, builders and planners, to ensure that <strong>PURETi Clean\u2122<\/strong> is perfectly integrated into the project and meets all specifications. The self-cleaning capability of <strong>PURETi Clean\u2122\u00a0<\/strong>allows the pristine buildings to be maintained as the day they were erected. Perhaps most importantly, the environmental benefits of <strong>PURETi Clean\u2122<\/strong>\u00a0help distinguish new construction and restoration projects as examples of environmental leadership and eco-sustainability.<\/p>\t\t\t\t\t\t\t\t<\/div>\n\t\t\t\t<\/div>\n\t\t\t\t\t<\/div>\n\t\t<\/div>\n\t\t\t\t<div class=\"elementor-column elementor-col-50 elementor-top-column elementor-element elementor-element-660c458\" data-id=\"660c458\" data-element_type=\"column\" data-e-type=\"column\">\n\t\t\t<div class=\"elementor-widget-wrap elementor-element-populated\">\n\t\t\t\t\t\t<div class=\"elementor-element elementor-element-767989d elementor-widget__width-initial elementor-invisible elementor-widget elementor-widget-image\" data-id=\"767989d\" data-element_type=\"widget\" data-e-type=\"widget\" data-settings=\"{&quot;_animation&quot;:&quot;fadeInRight&quot;}\" data-widget_type=\"image.default\">\n\t\t\t\t<div class=\"elementor-widget-container\">\n\t\t\t\t\t\t\t\t\t\t\t\t\t\t\t\t<a href=\"https:\/\/pureti.es\/wp-content\/uploads\/2024\/02\/Productos-Pureti-mockup-bidon-clean.jpg\" data-elementor-open-lightbox=\"yes\" data-elementor-lightbox-title=\"Productos Pureti mockup bidon - clean\" data-e-action-hash=\"#elementor-action%3Aaction%3Dlightbox%26settings%3DeyJpZCI6NjI4NCwidXJsIjoiaHR0cHM6XC9cL3B1cmV0aS5lc1wvd3AtY29udGVudFwvdXBsb2Fkc1wvMjAyNFwvMDJcL1Byb2R1Y3Rvcy1QdXJldGktbW9ja3VwLWJpZG9uLWNsZWFuLmpwZyJ9\">\n\t\t\t\t\t\t\t<img decoding=\"async\" width=\"800\" height=\"800\" data-src=\"https:\/\/pureti.es\/wp-content\/uploads\/2024\/02\/Productos-Pureti-mockup-bidon-clean.jpg\" class=\"attachment-large size-large wp-image-6284 lazyload\" alt=\"Productos Pureti mockup bidon - clean\" data-srcset=\"https:\/\/pureti.es\/wp-content\/uploads\/2024\/02\/Productos-Pureti-mockup-bidon-clean.jpg 800w, https:\/\/pureti.es\/wp-content\/uploads\/2024\/02\/Productos-Pureti-mockup-bidon-clean-150x150.jpg 150w, https:\/\/pureti.es\/wp-content\/uploads\/2024\/02\/Productos-Pureti-mockup-bidon-clean-768x768.jpg 768w, https:\/\/pureti.es\/wp-content\/uploads\/2024\/02\/Productos-Pureti-mockup-bidon-clean-12x12.jpg 12w, https:\/\/pureti.es\/wp-content\/uploads\/2024\/02\/Productos-Pureti-mockup-bidon-clean-600x600.jpg 600w\" data-sizes=\"(max-width: 800px) 100vw, 800px\" src=\"data:image\/svg+xml;base64,PHN2ZyB3aWR0aD0iMSIgaGVpZ2h0PSIxIiB4bWxucz0iaHR0cDovL3d3dy53My5vcmcvMjAwMC9zdmciPjwvc3ZnPg==\" style=\"--smush-placeholder-width: 800px; --smush-placeholder-aspect-ratio: 800\/800;\" \/>\t\t\t\t\t\t\t\t<\/a>\n\t\t\t\t\t\t\t\t\t\t\t\t\t\t\t<\/div>\n\t\t\t\t<\/div>\n\t\t\t\t\t<\/div>\n\t\t<\/div>\n\t\t\t\t\t<\/div>\n\t\t<\/section>\n\t\t\t\t<section class=\"elementor-section elementor-top-section elementor-element elementor-element-a12f19a elementor-section-boxed elementor-section-height-default elementor-section-height-default\" data-id=\"a12f19a\" data-element_type=\"section\" data-e-type=\"section\">\n\t\t\t\t\t\t<div class=\"elementor-container elementor-column-gap-default\">\n\t\t\t\t\t<div class=\"elementor-column elementor-col-50 elementor-top-column elementor-element elementor-element-75ffeb3\" data-id=\"75ffeb3\" data-element_type=\"column\" data-e-type=\"column\">\n\t\t\t<div class=\"elementor-widget-wrap elementor-element-populated\">\n\t\t\t\t\t\t<div class=\"elementor-element elementor-element-428d892 elementor-invisible elementor-widget elementor-widget-heading\" data-id=\"428d892\" data-element_type=\"widget\" data-e-type=\"widget\" data-settings=\"{&quot;_animation&quot;:&quot;fadeInLeft&quot;}\" data-widget_type=\"heading.default\">\n\t\t\t\t<div class=\"elementor-widget-container\">\n\t\t\t\t\t<h2 class=\"elementor-heading-title elementor-size-default\">FEATURES AND BENEFITS<\/h2>\t\t\t\t<\/div>\n\t\t\t\t<\/div>\n\t\t\t\t\t<\/div>\n\t\t<\/div>\n\t\t\t\t<div class=\"elementor-column elementor-col-50 elementor-top-column elementor-element elementor-element-d946ebd elementor-invisible\" data-id=\"d946ebd\" data-element_type=\"column\" data-e-type=\"column\" data-settings=\"{&quot;animation&quot;:&quot;zoomIn&quot;}\">\n\t\t\t<div class=\"elementor-widget-wrap elementor-element-populated\">\n\t\t\t\t\t\t<div class=\"elementor-element elementor-element-04cab93 elementor-widget elementor-widget-heading\" data-id=\"04cab93\" data-element_type=\"widget\" data-e-type=\"widget\" data-widget_type=\"heading.default\">\n\t\t\t\t<div class=\"elementor-widget-container\">\n\t\t\t\t\t<p class=\"elementor-heading-title elementor-size-default\">Actively reduces contamination levels when applied to exterior surfaces such as concrete and building facades.<\/p>\t\t\t\t<\/div>\n\t\t\t\t<\/div>\n\t\t\t\t\t<\/div>\n\t\t<\/div>\n\t\t\t\t\t<\/div>\n\t\t<\/section>\n\t\t\t\t<section class=\"elementor-section elementor-top-section elementor-element elementor-element-d171ee3 elementor-section-boxed elementor-section-height-default elementor-section-height-default\" data-id=\"d171ee3\" data-element_type=\"section\" data-e-type=\"section\">\n\t\t\t\t\t\t<div class=\"elementor-container elementor-column-gap-default\">\n\t\t\t\t\t<div class=\"elementor-column elementor-col-50 elementor-top-column elementor-element elementor-element-1919440\" data-id=\"1919440\" data-element_type=\"column\" data-e-type=\"column\">\n\t\t\t<div class=\"elementor-widget-wrap\">\n\t\t\t\t\t\t\t<\/div>\n\t\t<\/div>\n\t\t\t\t<div class=\"elementor-column elementor-col-50 elementor-top-column elementor-element elementor-element-4c59330 elementor-invisible\" data-id=\"4c59330\" data-element_type=\"column\" data-e-type=\"column\" data-settings=\"{&quot;animation&quot;:&quot;zoomIn&quot;,&quot;animation_delay&quot;:400}\">\n\t\t\t<div class=\"elementor-widget-wrap elementor-element-populated\">\n\t\t\t\t\t\t<div class=\"elementor-element elementor-element-07bc28a elementor-widget elementor-widget-heading\" data-id=\"07bc28a\" data-element_type=\"widget\" data-e-type=\"widget\" data-widget_type=\"heading.default\">\n\t\t\t\t<div class=\"elementor-widget-container\">\n\t\t\t\t\t<p class=\"elementor-heading-title elementor-size-default\">Eliminates unpleasant odors.<\/p>\t\t\t\t<\/div>\n\t\t\t\t<\/div>\n\t\t\t\t\t<\/div>\n\t\t<\/div>\n\t\t\t\t\t<\/div>\n\t\t<\/section>\n\t\t\t\t<section class=\"elementor-section elementor-top-section elementor-element elementor-element-b295df1 elementor-section-boxed elementor-section-height-default elementor-section-height-default\" data-id=\"b295df1\" data-element_type=\"section\" data-e-type=\"section\">\n\t\t\t\t\t\t<div class=\"elementor-container elementor-column-gap-default\">\n\t\t\t\t\t<div class=\"elementor-column elementor-col-50 elementor-top-column elementor-element elementor-element-fe216ee\" data-id=\"fe216ee\" data-element_type=\"column\" data-e-type=\"column\">\n\t\t\t<div class=\"elementor-widget-wrap\">\n\t\t\t\t\t\t\t<\/div>\n\t\t<\/div>\n\t\t\t\t<div class=\"elementor-column elementor-col-50 elementor-top-column elementor-element elementor-element-cdc0430 elementor-invisible\" data-id=\"cdc0430\" data-element_type=\"column\" data-e-type=\"column\" data-settings=\"{&quot;animation&quot;:&quot;zoomIn&quot;,&quot;animation_delay&quot;:800}\">\n\t\t\t<div class=\"elementor-widget-wrap elementor-element-populated\">\n\t\t\t\t\t\t<div class=\"elementor-element elementor-element-69f6f2b elementor-widget elementor-widget-heading\" data-id=\"69f6f2b\" data-element_type=\"widget\" data-e-type=\"widget\" data-widget_type=\"heading.default\">\n\t\t\t\t<div class=\"elementor-widget-container\">\n\t\t\t\t\t<p class=\"elementor-heading-title elementor-size-default\">Formation of a super-hydrophilic surface that allows easy removal of dirt.<\/p>\t\t\t\t<\/div>\n\t\t\t\t<\/div>\n\t\t\t\t\t<\/div>\n\t\t<\/div>\n\t\t\t\t\t<\/div>\n\t\t<\/section>\n\t\t\t\t<section class=\"elementor-section elementor-top-section elementor-element elementor-element-f8ebc81 elementor-section-boxed elementor-section-height-default elementor-section-height-default\" data-id=\"f8ebc81\" data-element_type=\"section\" data-e-type=\"section\">\n\t\t\t\t\t\t<div class=\"elementor-container elementor-column-gap-default\">\n\t\t\t\t\t<div class=\"elementor-column elementor-col-50 elementor-top-column elementor-element elementor-element-0b83008\" data-id=\"0b83008\" data-element_type=\"column\" data-e-type=\"column\">\n\t\t\t<div class=\"elementor-widget-wrap\">\n\t\t\t\t\t\t\t<\/div>\n\t\t<\/div>\n\t\t\t\t<div class=\"elementor-column elementor-col-50 elementor-top-column elementor-element elementor-element-7fc03b1 elementor-invisible\" data-id=\"7fc03b1\" data-element_type=\"column\" data-e-type=\"column\" data-settings=\"{&quot;animation&quot;:&quot;zoomIn&quot;,&quot;animation_delay&quot;:1200}\">\n\t\t\t<div class=\"elementor-widget-wrap elementor-element-populated\">\n\t\t\t\t\t\t<div class=\"elementor-element elementor-element-d95e8f5 elementor-widget elementor-widget-heading\" data-id=\"d95e8f5\" data-element_type=\"widget\" data-e-type=\"widget\" data-widget_type=\"heading.default\">\n\t\t\t\t<div class=\"elementor-widget-container\">\n\t\t\t\t\t<p class=\"elementor-heading-title elementor-size-default\">Applicable to any surface including: concrete, stone, ceramic tiles, painted walls, plastic and metal maximum efficiency long life.<\/p>\t\t\t\t<\/div>\n\t\t\t\t<\/div>\n\t\t\t\t\t<\/div>\n\t\t<\/div>\n\t\t\t\t\t<\/div>\n\t\t<\/section>\n\t\t\t\t<section class=\"elementor-section elementor-top-section elementor-element elementor-element-322902c elementor-section-boxed elementor-section-height-default elementor-section-height-default\" data-id=\"322902c\" data-element_type=\"section\" data-e-type=\"section\">\n\t\t\t\t\t\t<div class=\"elementor-container elementor-column-gap-default\">\n\t\t\t\t\t<div class=\"elementor-column elementor-col-100 elementor-top-column elementor-element elementor-element-b6c8246\" data-id=\"b6c8246\" data-element_type=\"column\" data-e-type=\"column\">\n\t\t\t<div class=\"elementor-widget-wrap elementor-element-populated\">\n\t\t\t\t\t\t<div class=\"elementor-element elementor-element-7a90cff elementor-widget elementor-widget-spacer\" data-id=\"7a90cff\" data-element_type=\"widget\" data-e-type=\"widget\" data-widget_type=\"spacer.default\">\n\t\t\t\t<div class=\"elementor-widget-container\">\n\t\t\t\t\t\t\t<div class=\"elementor-spacer\">\n\t\t\t<div class=\"elementor-spacer-inner\"><\/div>\n\t\t<\/div>\n\t\t\t\t\t\t<\/div>\n\t\t\t\t<\/div>\n\t\t\t\t\t<\/div>\n\t\t<\/div>\n\t\t\t\t\t<\/div>\n\t\t<\/section>\n\t\t\t\t<\/div>","protected":false},"excerpt":{"rendered":"<p>PURETi Clean\u2122 Tratamiento fotocatal\u00edtico de superficies. PURETi Clean\u2122 convierte cualquier superficie autolimpiante y ecosostenible, que elimina proactivamente la acumulaci\u00f3n de suciedad y biofilm, mejora la calidad del aire y elimina los olores org\u00e1nicos. Formulado con la tecnolog\u00eda m\u00e1s avanzada disponible en la actualidad en una soluci\u00f3n acuosa avanzada de oxidaci\u00f3n fotocatal\u00edtica (UV-PCO), PURETi Clean\u2122\u00a0utiliza luz, [&hellip;]<\/p>\n","protected":false},"author":2,"featured_media":0,"parent":3962,"menu_order":0,"comment_status":"closed","ping_status":"closed","template":"","meta":{"ocean_post_layout":"","ocean_both_sidebars_style":"","ocean_both_sidebars_content_width":0,"ocean_both_sidebars_sidebars_width":0,"ocean_sidebar":"","ocean_second_sidebar":"","ocean_disable_margins":"enable","ocean_add_body_class":"","ocean_shortcode_before_top_bar":"","ocean_shortcode_after_top_bar":"","ocean_shortcode_before_header":"","ocean_shortcode_after_header":"","ocean_has_shortcode":"","ocean_shortcode_after_title":"","ocean_shortcode_before_footer_widgets":"","ocean_shortcode_after_footer_widgets":"","ocean_shortcode_before_footer_bottom":"","ocean_shortcode_after_footer_bottom":"","ocean_display_top_bar":"default","ocean_display_header":"default","ocean_header_style":"","ocean_center_header_left_menu":"","ocean_custom_header_template":"","ocean_custom_logo":0,"ocean_custom_retina_logo":0,"ocean_custom_logo_max_width":0,"ocean_custom_logo_tablet_max_width":0,"ocean_custom_logo_mobile_max_width":0,"ocean_custom_logo_max_height":0,"ocean_custom_logo_tablet_max_height":0,"ocean_custom_logo_mobile_max_height":0,"ocean_header_custom_menu":"","ocean_menu_typo_font_family":"","ocean_menu_typo_font_subset":"","ocean_menu_typo_font_size":0,"ocean_menu_typo_font_size_tablet":0,"ocean_menu_typo_font_size_mobile":0,"ocean_menu_typo_font_size_unit":"px","ocean_menu_typo_font_weight":"","ocean_menu_typo_font_weight_tablet":"","ocean_menu_typo_font_weight_mobile":"","ocean_menu_typo_transform":"","ocean_menu_typo_transform_tablet":"","ocean_menu_typo_transform_mobile":"","ocean_menu_typo_line_height":0,"ocean_menu_typo_line_height_tablet":0,"ocean_menu_typo_line_height_mobile":0,"ocean_menu_typo_line_height_unit":"","ocean_menu_typo_spacing":0,"ocean_menu_typo_spacing_tablet":0,"ocean_menu_typo_spacing_mobile":0,"ocean_menu_typo_spacing_unit":"","ocean_menu_link_color":"","ocean_menu_link_color_hover":"","ocean_menu_link_color_active":"","ocean_menu_link_background":"","ocean_menu_link_hover_background":"","ocean_menu_link_active_background":"","ocean_menu_social_links_bg":"","ocean_menu_social_hover_links_bg":"","ocean_menu_social_links_color":"","ocean_menu_social_hover_links_color":"","ocean_disable_title":"default","ocean_disable_heading":"default","ocean_post_title":"","ocean_post_subheading":"","ocean_post_title_style":"","ocean_post_title_background_color":"","ocean_post_title_background":0,"ocean_post_title_bg_image_position":"","ocean_post_title_bg_image_attachment":"","ocean_post_title_bg_image_repeat":"","ocean_post_title_bg_image_size":"","ocean_post_title_height":0,"ocean_post_title_bg_overlay":0.5,"ocean_post_title_bg_overlay_color":"","ocean_disable_breadcrumbs":"default","ocean_breadcrumbs_color":"","ocean_breadcrumbs_separator_color":"","ocean_breadcrumbs_links_color":"","ocean_breadcrumbs_links_hover_color":"","ocean_display_footer_widgets":"default","ocean_display_footer_bottom":"default","ocean_custom_footer_template":"","footnotes":""},"class_list":["post-4282","page","type-page","status-publish","hentry","entry"],"_links":{"self":[{"href":"https:\/\/pureti.es\/en\/wp-json\/wp\/v2\/pages\/4282","targetHints":{"allow":["GET"]}}],"collection":[{"href":"https:\/\/pureti.es\/en\/wp-json\/wp\/v2\/pages"}],"about":[{"href":"https:\/\/pureti.es\/en\/wp-json\/wp\/v2\/types\/page"}],"author":[{"embeddable":true,"href":"https:\/\/pureti.es\/en\/wp-json\/wp\/v2\/users\/2"}],"replies":[{"embeddable":true,"href":"https:\/\/pureti.es\/en\/wp-json\/wp\/v2\/comments?post=4282"}],"version-history":[{"count":15,"href":"https:\/\/pureti.es\/en\/wp-json\/wp\/v2\/pages\/4282\/revisions"}],"predecessor-version":[{"id":6301,"href":"https:\/\/pureti.es\/en\/wp-json\/wp\/v2\/pages\/4282\/revisions\/6301"}],"up":[{"embeddable":true,"href":"https:\/\/pureti.es\/en\/wp-json\/wp\/v2\/pages\/3962"}],"wp:attachment":[{"href":"https:\/\/pureti.es\/en\/wp-json\/wp\/v2\/media?parent=4282"}],"curies":[{"name":"wp","href":"https:\/\/api.w.org\/{rel}","templated":true}]}}