{"id":4150,"date":"2018-06-10T13:52:46","date_gmt":"2018-06-10T11:52:46","guid":{"rendered":"http:\/\/www.pureti.es\/?page_id=4150"},"modified":"2024-02-13T12:30:51","modified_gmt":"2024-02-13T11:30:51","slug":"estaciones-de-servicio","status":"publish","type":"page","link":"https:\/\/pureti.es\/en\/industrias\/estaciones-de-servicio\/","title":{"rendered":"Service Stations"},"content":{"rendered":"<div data-elementor-type=\"wp-post\" data-elementor-id=\"4150\" class=\"elementor elementor-4150\" data-elementor-post-type=\"page\">\n\t\t\t\t\t\t<section class=\"elementor-section elementor-top-section elementor-element elementor-element-da5241e elementor-section-content-top elementor-section-boxed elementor-section-height-default elementor-section-height-default\" data-id=\"da5241e\" data-element_type=\"section\" data-e-type=\"section\">\n\t\t\t\t\t\t<div class=\"elementor-container elementor-column-gap-default\">\n\t\t\t\t\t<div class=\"elementor-column elementor-col-100 elementor-top-column elementor-element elementor-element-f7f0999\" data-id=\"f7f0999\" data-element_type=\"column\" data-e-type=\"column\">\n\t\t\t<div class=\"elementor-widget-wrap elementor-element-populated\">\n\t\t\t\t\t\t<div class=\"elementor-element elementor-element-2f9f6ec elementor-invisible elementor-widget elementor-widget-image\" data-id=\"2f9f6ec\" data-element_type=\"widget\" data-e-type=\"widget\" data-settings=\"{&quot;_animation&quot;:&quot;zoomIn&quot;}\" data-widget_type=\"image.default\">\n\t\t\t\t<div class=\"elementor-widget-container\">\n\t\t\t\t\t\t\t\t\t\t\t\t\t\t\t<img fetchpriority=\"high\" decoding=\"async\" width=\"765\" height=\"286\" src=\"https:\/\/pureti.es\/wp-content\/uploads\/2018\/06\/estaciones-servicio-industrias-pureti-espan\u0303a.jpg\" class=\"attachment-full size-full wp-image-4189\" alt=\"estaciones-servicio-industrias-pureti-espan\u0303a\" srcset=\"https:\/\/pureti.es\/wp-content\/uploads\/2018\/06\/estaciones-servicio-industrias-pureti-espan\u0303a.jpg 765w, https:\/\/pureti.es\/wp-content\/uploads\/2018\/06\/estaciones-servicio-industrias-pureti-espan\u0303a-150x56.jpg 150w\" sizes=\"(max-width: 765px) 100vw, 765px\" \/>\t\t\t\t\t\t\t\t\t\t\t\t\t\t\t<\/div>\n\t\t\t\t<\/div>\n\t\t\t\t\t<\/div>\n\t\t<\/div>\n\t\t\t\t\t<\/div>\n\t\t<\/section>\n\t\t\t\t<section class=\"elementor-section elementor-top-section elementor-element elementor-element-5362dfc elementor-section-boxed elementor-section-height-default elementor-section-height-default\" data-id=\"5362dfc\" data-element_type=\"section\" data-e-type=\"section\">\n\t\t\t\t\t\t<div class=\"elementor-container elementor-column-gap-default\">\n\t\t\t\t\t<div class=\"elementor-column elementor-col-100 elementor-top-column elementor-element elementor-element-4e48147\" data-id=\"4e48147\" data-element_type=\"column\" data-e-type=\"column\">\n\t\t\t<div class=\"elementor-widget-wrap elementor-element-populated\">\n\t\t\t\t\t\t<div class=\"elementor-element elementor-element-f27a19f elementor-invisible elementor-widget elementor-widget-heading\" data-id=\"f27a19f\" data-element_type=\"widget\" data-e-type=\"widget\" data-settings=\"{&quot;_animation&quot;:&quot;fadeIn&quot;}\" data-widget_type=\"heading.default\">\n\t\t\t\t<div class=\"elementor-widget-container\">\n\t\t\t\t\t<h1 class=\"elementor-heading-title elementor-size-default\">Service Stations<\/h1>\t\t\t\t<\/div>\n\t\t\t\t<\/div>\n\t\t\t\t\t<\/div>\n\t\t<\/div>\n\t\t\t\t\t<\/div>\n\t\t<\/section>\n\t\t\t\t<section class=\"elementor-section elementor-top-section elementor-element elementor-element-5096684 elementor-section-boxed elementor-section-height-default elementor-section-height-default\" data-id=\"5096684\" data-element_type=\"section\" data-e-type=\"section\">\n\t\t\t\t\t\t<div class=\"elementor-container elementor-column-gap-default\">\n\t\t\t\t\t<div class=\"elementor-column elementor-col-100 elementor-top-column elementor-element elementor-element-a97ae02\" data-id=\"a97ae02\" data-element_type=\"column\" data-e-type=\"column\">\n\t\t\t<div class=\"elementor-widget-wrap elementor-element-populated\">\n\t\t\t\t\t\t<div class=\"elementor-element elementor-element-cdb4f0c elementor-invisible elementor-widget elementor-widget-text-editor\" data-id=\"cdb4f0c\" data-element_type=\"widget\" data-e-type=\"widget\" data-settings=\"{&quot;_animation&quot;:&quot;fadeInRight&quot;}\" data-widget_type=\"text-editor.default\">\n\t\t\t\t<div class=\"elementor-widget-container\">\n\t\t\t\t\t\t\t\t\t<h4>Turn your Service Stations into cleaning agents and purifiers.<\/h4>\t\t\t\t\t\t\t\t<\/div>\n\t\t\t\t<\/div>\n\t\t\t\t<div class=\"elementor-element elementor-element-426eef5 elementor-invisible elementor-widget elementor-widget-text-editor\" data-id=\"426eef5\" data-element_type=\"widget\" data-e-type=\"widget\" data-settings=\"{&quot;_animation&quot;:&quot;fadeInLeft&quot;}\" data-widget_type=\"text-editor.default\">\n\t\t\t\t<div class=\"elementor-widget-container\">\n\t\t\t\t\t\t\t\t\t<p>Photocatalytic oxidation with ultraviolet rays, heart of the system <strong>PURETi Fuel<\/strong>, It also reduces air pollutants (carbon monoxide, nitrogen dioxide, sulphur dioxide, benzene, fine particles, VOCs, etc.).<\/p><p>Thanks to the presence of light, humidity and air, a strong oxidative reaction is activated that transforms pollutants into eco-compatible salts, such as nitrates and carbonates, transforming surfaces into \"self-cleaning\".<\/p><p><strong>PURETi Fuel<\/strong> also makes super-hydrophilic surfaces, preventing dirt from adhering easily, in order to allow them to have an easy removal with water (wash or rain).<\/p>\t\t\t\t\t\t\t\t<\/div>\n\t\t\t\t<\/div>\n\t\t\t\t\t<\/div>\n\t\t<\/div>\n\t\t\t\t\t<\/div>\n\t\t<\/section>\n\t\t\t\t<\/div>","protected":false},"excerpt":{"rendered":"<p>Estaciones de Servicio Convierta sus Estaciones de Servicio en agentes limpiadores y purificadores. La oxidaci\u00f3n fotocatal\u00edtica con rayos ultravioleta, coraz\u00f3n del sistema PURETi Fuel,\u00a0 permite reducir los contaminantes del aire (mon\u00f3xido de carbono, di\u00f3xido de nitr\u00f3geno, di\u00f3xido de azufre, benceno, part\u00edculas finas, VOC, etc). Gracias a la presencia de la luz, la humedad y el [&hellip;]<\/p>\n","protected":false},"author":2,"featured_media":0,"parent":4123,"menu_order":0,"comment_status":"closed","ping_status":"closed","template":"","meta":{"ocean_post_layout":"","ocean_both_sidebars_style":"","ocean_both_sidebars_content_width":0,"ocean_both_sidebars_sidebars_width":0,"ocean_sidebar":"","ocean_second_sidebar":"","ocean_disable_margins":"enable","ocean_add_body_class":"","ocean_shortcode_before_top_bar":"","ocean_shortcode_after_top_bar":"","ocean_shortcode_before_header":"","ocean_shortcode_after_header":"","ocean_has_shortcode":"","ocean_shortcode_after_title":"","ocean_shortcode_before_footer_widgets":"","ocean_shortcode_after_footer_widgets":"","ocean_shortcode_before_footer_bottom":"","ocean_shortcode_after_footer_bottom":"","ocean_display_top_bar":"default","ocean_display_header":"default","ocean_header_style":"","ocean_center_header_left_menu":"","ocean_custom_header_template":"","ocean_custom_logo":0,"ocean_custom_retina_logo":0,"ocean_custom_logo_max_width":0,"ocean_custom_logo_tablet_max_width":0,"ocean_custom_logo_mobile_max_width":0,"ocean_custom_logo_max_height":0,"ocean_custom_logo_tablet_max_height":0,"ocean_custom_logo_mobile_max_height":0,"ocean_header_custom_menu":"","ocean_menu_typo_font_family":"","ocean_menu_typo_font_subset":"","ocean_menu_typo_font_size":0,"ocean_menu_typo_font_size_tablet":0,"ocean_menu_typo_font_size_mobile":0,"ocean_menu_typo_font_size_unit":"px","ocean_menu_typo_font_weight":"","ocean_menu_typo_font_weight_tablet":"","ocean_menu_typo_font_weight_mobile":"","ocean_menu_typo_transform":"","ocean_menu_typo_transform_tablet":"","ocean_menu_typo_transform_mobile":"","ocean_menu_typo_line_height":0,"ocean_menu_typo_line_height_tablet":0,"ocean_menu_typo_line_height_mobile":0,"ocean_menu_typo_line_height_unit":"","ocean_menu_typo_spacing":0,"ocean_menu_typo_spacing_tablet":0,"ocean_menu_typo_spacing_mobile":0,"ocean_menu_typo_spacing_unit":"","ocean_menu_link_color":"","ocean_menu_link_color_hover":"","ocean_menu_link_color_active":"","ocean_menu_link_background":"","ocean_menu_link_hover_background":"","ocean_menu_link_active_background":"","ocean_menu_social_links_bg":"","ocean_menu_social_hover_links_bg":"","ocean_menu_social_links_color":"","ocean_menu_social_hover_links_color":"","ocean_disable_title":"default","ocean_disable_heading":"default","ocean_post_title":"","ocean_post_subheading":"","ocean_post_title_style":"","ocean_post_title_background_color":"","ocean_post_title_background":0,"ocean_post_title_bg_image_position":"","ocean_post_title_bg_image_attachment":"","ocean_post_title_bg_image_repeat":"","ocean_post_title_bg_image_size":"","ocean_post_title_height":0,"ocean_post_title_bg_overlay":0.5,"ocean_post_title_bg_overlay_color":"","ocean_disable_breadcrumbs":"default","ocean_breadcrumbs_color":"","ocean_breadcrumbs_separator_color":"","ocean_breadcrumbs_links_color":"","ocean_breadcrumbs_links_hover_color":"","ocean_display_footer_widgets":"default","ocean_display_footer_bottom":"default","ocean_custom_footer_template":"","footnotes":""},"class_list":["post-4150","page","type-page","status-publish","hentry","entry"],"_links":{"self":[{"href":"https:\/\/pureti.es\/en\/wp-json\/wp\/v2\/pages\/4150","targetHints":{"allow":["GET"]}}],"collection":[{"href":"https:\/\/pureti.es\/en\/wp-json\/wp\/v2\/pages"}],"about":[{"href":"https:\/\/pureti.es\/en\/wp-json\/wp\/v2\/types\/page"}],"author":[{"embeddable":true,"href":"https:\/\/pureti.es\/en\/wp-json\/wp\/v2\/users\/2"}],"replies":[{"embeddable":true,"href":"https:\/\/pureti.es\/en\/wp-json\/wp\/v2\/comments?post=4150"}],"version-history":[{"count":6,"href":"https:\/\/pureti.es\/en\/wp-json\/wp\/v2\/pages\/4150\/revisions"}],"predecessor-version":[{"id":5389,"href":"https:\/\/pureti.es\/en\/wp-json\/wp\/v2\/pages\/4150\/revisions\/5389"}],"up":[{"embeddable":true,"href":"https:\/\/pureti.es\/en\/wp-json\/wp\/v2\/pages\/4123"}],"wp:attachment":[{"href":"https:\/\/pureti.es\/en\/wp-json\/wp\/v2\/media?parent=4150"}],"curies":[{"name":"wp","href":"https:\/\/api.w.org\/{rel}","templated":true}]}}