{"id":3994,"date":"2018-06-10T09:12:19","date_gmt":"2018-06-10T07:12:19","guid":{"rendered":"http:\/\/www.pureti.es\/?page_id=3994"},"modified":"2024-02-14T11:38:08","modified_gmt":"2024-02-14T10:38:08","slug":"fachadas","status":"publish","type":"page","link":"https:\/\/pureti.es\/en\/aplicaciones\/edificios-comerciales\/fachadas\/","title":{"rendered":"Facades"},"content":{"rendered":"<div data-elementor-type=\"wp-post\" data-elementor-id=\"3994\" class=\"elementor elementor-3994\" data-elementor-post-type=\"page\">\n\t\t\t\t\t\t<section class=\"elementor-section elementor-top-section elementor-element elementor-element-da5241e elementor-section-content-top elementor-section-boxed elementor-section-height-default elementor-section-height-default\" data-id=\"da5241e\" data-element_type=\"section\" data-e-type=\"section\">\n\t\t\t\t\t\t<div class=\"elementor-container elementor-column-gap-default\">\n\t\t\t\t\t<div class=\"elementor-column elementor-col-100 elementor-top-column elementor-element elementor-element-f7f0999\" data-id=\"f7f0999\" data-element_type=\"column\" data-e-type=\"column\">\n\t\t\t<div class=\"elementor-widget-wrap elementor-element-populated\">\n\t\t\t\t\t\t<div class=\"elementor-element elementor-element-2f9f6ec elementor-invisible elementor-widget elementor-widget-image\" data-id=\"2f9f6ec\" data-element_type=\"widget\" data-e-type=\"widget\" data-settings=\"{&quot;_animation&quot;:&quot;zoomIn&quot;}\" data-widget_type=\"image.default\">\n\t\t\t\t<div class=\"elementor-widget-container\">\n\t\t\t\t\t\t\t\t\t\t\t\t\t\t\t<img fetchpriority=\"high\" decoding=\"async\" width=\"765\" height=\"286\" src=\"https:\/\/pureti.es\/wp-content\/uploads\/2018\/06\/fachadas-aplicaciones-edificios-comerciales-pureti.jpg\" class=\"attachment-full size-full wp-image-4049\" alt=\"fachadas aplicaciones edificios comerciales pureti\" srcset=\"https:\/\/pureti.es\/wp-content\/uploads\/2018\/06\/fachadas-aplicaciones-edificios-comerciales-pureti.jpg 765w, https:\/\/pureti.es\/wp-content\/uploads\/2018\/06\/fachadas-aplicaciones-edificios-comerciales-pureti-150x56.jpg 150w\" sizes=\"(max-width: 765px) 100vw, 765px\" \/>\t\t\t\t\t\t\t\t\t\t\t\t\t\t\t<\/div>\n\t\t\t\t<\/div>\n\t\t\t\t\t<\/div>\n\t\t<\/div>\n\t\t\t\t\t<\/div>\n\t\t<\/section>\n\t\t\t\t<section class=\"elementor-section elementor-top-section elementor-element elementor-element-5362dfc elementor-section-boxed elementor-section-height-default elementor-section-height-default\" data-id=\"5362dfc\" data-element_type=\"section\" data-e-type=\"section\">\n\t\t\t\t\t\t<div class=\"elementor-container elementor-column-gap-default\">\n\t\t\t\t\t<div class=\"elementor-column elementor-col-100 elementor-top-column elementor-element elementor-element-4e48147\" data-id=\"4e48147\" data-element_type=\"column\" data-e-type=\"column\">\n\t\t\t<div class=\"elementor-widget-wrap elementor-element-populated\">\n\t\t\t\t\t\t<div class=\"elementor-element elementor-element-f27a19f elementor-invisible elementor-widget elementor-widget-heading\" data-id=\"f27a19f\" data-element_type=\"widget\" data-e-type=\"widget\" data-settings=\"{&quot;_animation&quot;:&quot;fadeIn&quot;}\" data-widget_type=\"heading.default\">\n\t\t\t\t<div class=\"elementor-widget-container\">\n\t\t\t\t\t<h1 class=\"elementor-heading-title elementor-size-default\">Facades<\/h1>\t\t\t\t<\/div>\n\t\t\t\t<\/div>\n\t\t\t\t\t<\/div>\n\t\t<\/div>\n\t\t\t\t\t<\/div>\n\t\t<\/section>\n\t\t\t\t<section class=\"elementor-section elementor-top-section elementor-element elementor-element-5096684 elementor-section-boxed elementor-section-height-default elementor-section-height-default\" data-id=\"5096684\" data-element_type=\"section\" data-e-type=\"section\">\n\t\t\t\t\t\t<div class=\"elementor-container elementor-column-gap-default\">\n\t\t\t\t\t<div class=\"elementor-column elementor-col-100 elementor-top-column elementor-element elementor-element-a97ae02\" data-id=\"a97ae02\" data-element_type=\"column\" data-e-type=\"column\">\n\t\t\t<div class=\"elementor-widget-wrap elementor-element-populated\">\n\t\t\t\t\t\t<div class=\"elementor-element elementor-element-cdb4f0c elementor-invisible elementor-widget elementor-widget-text-editor\" data-id=\"cdb4f0c\" data-element_type=\"widget\" data-e-type=\"widget\" data-settings=\"{&quot;_animation&quot;:&quot;fadeInRight&quot;}\" data-widget_type=\"text-editor.default\">\n\t\t\t\t<div class=\"elementor-widget-container\">\n\t\t\t\t\t\t\t\t\t<h4>Reduce the frequency and intensity of pressure washing.<\/h4>\t\t\t\t\t\t\t\t<\/div>\n\t\t\t\t<\/div>\n\t\t\t\t<div class=\"elementor-element elementor-element-426eef5 elementor-invisible elementor-widget elementor-widget-text-editor\" data-id=\"426eef5\" data-element_type=\"widget\" data-e-type=\"widget\" data-settings=\"{&quot;_animation&quot;:&quot;fadeInLeft&quot;}\" data-widget_type=\"text-editor.default\">\n\t\t\t\t<div class=\"elementor-widget-container\">\n\t\t\t\t\t\t\t\t\t<p>The leading ingredients in building grime are:<\/p><p>1. Micro-particles of tire rubber (organic)<\/p><p>2. Soot from the exhaust of cars and factories (organic)<\/p><p>3. Silicates (inorganic sand and soil)<\/p><p>4. In some climates, black mold (organic)<\/p><p>High pressure water is required to clean most outside surfaces because the organic contaminants form glue-like bonds that are very hard to break.<\/p><p>PURETi oxidizes (breaks down) the organic particles at the molecular level before they can stick to the surface.<\/p><p>PURETi does not break down sand, but sand is easily rinsed because there is no \"glue\" to hold it in place.<\/p><p>Stop power washing and start \u201cSun Washing\u201d with PURETi.<\/p><p>A sustainable fringe benefit: In addition to lower costs and improving facility appearance, PURETi treated surfaces also help the environment by reversing air pollution. Every square foot of PURETi treated surface works to break down pollutants in the air, including NOx. Making an office complex NOx Neutral is now a possibility. If sufficient amount of surface is treated, it will reverse one polluting impact not only of the building, but of the cars the occupants drove to work that day.<\/p>\t\t\t\t\t\t\t\t<\/div>\n\t\t\t\t<\/div>\n\t\t\t\t\t<\/div>\n\t\t<\/div>\n\t\t\t\t\t<\/div>\n\t\t<\/section>\n\t\t\t\t<\/div>","protected":false},"excerpt":{"rendered":"<p>Fachadas Reduzca la frecuencia y la intensidad del lavado a presi\u00f3n. Los principales contaminantes del concreto son: 1. Micropart\u00edculas de caucho de neum\u00e1tico (org\u00e1nico) 2. Holl\u00edn del escape de autom\u00f3viles y f\u00e1bricas (org\u00e1nicos) 3. Silicatos (arena y suelo inorg\u00e1nicos) 4. En algunos climas, moho negro (org\u00e1nico) Se requiere agua a alta presi\u00f3n para limpiar la [&hellip;]<\/p>\n","protected":false},"author":2,"featured_media":0,"parent":3988,"menu_order":0,"comment_status":"closed","ping_status":"closed","template":"","meta":{"ocean_post_layout":"","ocean_both_sidebars_style":"","ocean_both_sidebars_content_width":0,"ocean_both_sidebars_sidebars_width":0,"ocean_sidebar":"","ocean_second_sidebar":"","ocean_disable_margins":"enable","ocean_add_body_class":"","ocean_shortcode_before_top_bar":"","ocean_shortcode_after_top_bar":"","ocean_shortcode_before_header":"","ocean_shortcode_after_header":"","ocean_has_shortcode":"","ocean_shortcode_after_title":"","ocean_shortcode_before_footer_widgets":"","ocean_shortcode_after_footer_widgets":"","ocean_shortcode_before_footer_bottom":"","ocean_shortcode_after_footer_bottom":"","ocean_display_top_bar":"default","ocean_display_header":"default","ocean_header_style":"","ocean_center_header_left_menu":"","ocean_custom_header_template":"","ocean_custom_logo":0,"ocean_custom_retina_logo":0,"ocean_custom_logo_max_width":0,"ocean_custom_logo_tablet_max_width":0,"ocean_custom_logo_mobile_max_width":0,"ocean_custom_logo_max_height":0,"ocean_custom_logo_tablet_max_height":0,"ocean_custom_logo_mobile_max_height":0,"ocean_header_custom_menu":"","ocean_menu_typo_font_family":"","ocean_menu_typo_font_subset":"","ocean_menu_typo_font_size":0,"ocean_menu_typo_font_size_tablet":0,"ocean_menu_typo_font_size_mobile":0,"ocean_menu_typo_font_size_unit":"px","ocean_menu_typo_font_weight":"","ocean_menu_typo_font_weight_tablet":"","ocean_menu_typo_font_weight_mobile":"","ocean_menu_typo_transform":"","ocean_menu_typo_transform_tablet":"","ocean_menu_typo_transform_mobile":"","ocean_menu_typo_line_height":0,"ocean_menu_typo_line_height_tablet":0,"ocean_menu_typo_line_height_mobile":0,"ocean_menu_typo_line_height_unit":"","ocean_menu_typo_spacing":0,"ocean_menu_typo_spacing_tablet":0,"ocean_menu_typo_spacing_mobile":0,"ocean_menu_typo_spacing_unit":"","ocean_menu_link_color":"","ocean_menu_link_color_hover":"","ocean_menu_link_color_active":"","ocean_menu_link_background":"","ocean_menu_link_hover_background":"","ocean_menu_link_active_background":"","ocean_menu_social_links_bg":"","ocean_menu_social_hover_links_bg":"","ocean_menu_social_links_color":"","ocean_menu_social_hover_links_color":"","ocean_disable_title":"default","ocean_disable_heading":"default","ocean_post_title":"","ocean_post_subheading":"","ocean_post_title_style":"","ocean_post_title_background_color":"","ocean_post_title_background":0,"ocean_post_title_bg_image_position":"","ocean_post_title_bg_image_attachment":"","ocean_post_title_bg_image_repeat":"","ocean_post_title_bg_image_size":"","ocean_post_title_height":0,"ocean_post_title_bg_overlay":0.5,"ocean_post_title_bg_overlay_color":"","ocean_disable_breadcrumbs":"default","ocean_breadcrumbs_color":"","ocean_breadcrumbs_separator_color":"","ocean_breadcrumbs_links_color":"","ocean_breadcrumbs_links_hover_color":"","ocean_display_footer_widgets":"default","ocean_display_footer_bottom":"default","ocean_custom_footer_template":"","footnotes":""},"class_list":["post-3994","page","type-page","status-publish","hentry","entry"],"_links":{"self":[{"href":"https:\/\/pureti.es\/en\/wp-json\/wp\/v2\/pages\/3994","targetHints":{"allow":["GET"]}}],"collection":[{"href":"https:\/\/pureti.es\/en\/wp-json\/wp\/v2\/pages"}],"about":[{"href":"https:\/\/pureti.es\/en\/wp-json\/wp\/v2\/types\/page"}],"author":[{"embeddable":true,"href":"https:\/\/pureti.es\/en\/wp-json\/wp\/v2\/users\/2"}],"replies":[{"embeddable":true,"href":"https:\/\/pureti.es\/en\/wp-json\/wp\/v2\/comments?post=3994"}],"version-history":[{"count":5,"href":"https:\/\/pureti.es\/en\/wp-json\/wp\/v2\/pages\/3994\/revisions"}],"predecessor-version":[{"id":5625,"href":"https:\/\/pureti.es\/en\/wp-json\/wp\/v2\/pages\/3994\/revisions\/5625"}],"up":[{"embeddable":true,"href":"https:\/\/pureti.es\/en\/wp-json\/wp\/v2\/pages\/3988"}],"wp:attachment":[{"href":"https:\/\/pureti.es\/en\/wp-json\/wp\/v2\/media?parent=3994"}],"curies":[{"name":"wp","href":"https:\/\/api.w.org\/{rel}","templated":true}]}}